{"id":2447,"date":"2024-05-14T08:25:15","date_gmt":"2024-05-14T11:25:15","guid":{"rendered":"https:\/\/loja.pradotrens.com.br\/?post_type=product&#038;p=2447"},"modified":"2026-02-24T08:14:41","modified_gmt":"2026-02-24T11:14:41","slug":"folha-decal-vagao-hopper-hfs-padrao-de-pintura-rumo-coinbra-prado-trens-dp733-escala-ho","status":"publish","type":"product","link":"https:\/\/loja.pradotrens.com.br\/index.php\/produto\/folha-decal-vagao-hopper-hfs-padrao-de-pintura-rumo-coinbra-prado-trens-dp733-escala-ho\/","title":{"rendered":"FOLHA DECAL VAGAO HOPPER HFS PADR\u00c3O DE PINTURA RUMO COINBRA &#8211; PRADO TRENS DP733 &#8211; ESCALA HO"},"content":{"rendered":"<h2 style=\"text-align: center;\"><strong style=\"font-family: inherit; letter-spacing: -0.02em;\">FOLHA DECAL <\/strong><\/h2>\n<h2 style=\"text-align: center;\">VAGAO HOPPER HFS PADR\u00c3O DE PINTURA RUMO COINBRA &#8211; PRADO TRENS DP733 &#8211; ESCALA HO<\/h2>\n<p>&nbsp;<\/p>\n<h2 style=\"text-align: center;\"><strong>ESCALA HO<\/strong><\/h2>\n<h2 style=\"text-align: center;\">MODELA AT\u00c9 2 VAG\u00d5ES HOPPER HFS PADR\u00c3O DE PINTURA RUMO COINBRA COM MESMA NUMERA\u00c7\u00c3O<\/h2>\n","protected":false},"excerpt":{"rendered":"<p>FOLHA DECAL VAGAO HOPPER HFS PADR\u00c3O DE PINTURA RUMO COINBRA &#8211; PRADO TRENS DP733 &#8211; ESCALA HO &nbsp; ESCALA HO<\/p>\n","protected":false},"featured_media":2448,"comment_status":"open","ping_status":"closed","template":"","meta":{"colormag_page_container_layout":"default_layout","colormag_page_sidebar_layout":"default_layout","jetpack_post_was_ever_published":false,"_joinchat":[],"jetpack_publicize_message":"","jetpack_publicize_feature_enabled":true,"jetpack_social_post_already_shared":true,"jetpack_social_options":{"image_generator_settings":{"template":"highway","default_image_id":0,"font":"","enabled":false},"version":2}},"product_brand":[],"product_cat":[16,17,39,63],"product_tag":[],"class_list":{"0":"post-2447","1":"product","2":"type-product","3":"status-publish","4":"has-post-thumbnail","6":"product_cat-decais-prado-trens","7":"product_cat-escala-ho","8":"product_cat-vagao-hopper","9":"product_cat-vagao-hopper-nacional","11":"first","12":"onbackorder","13":"purchasable","14":"product-type-simple"},"yoast_head":"<!-- This site is optimized with the Yoast SEO plugin v27.4 - https:\/\/yoast.com\/product\/yoast-seo-wordpress\/ -->\n<title>FOLHA DECAL VAGAO HOPPER HFS PADR\u00c3O DE PINTURA RUMO COINBRA - PRADO TRENS DP733 - ESCALA HO - SITE E LOJA VIRTUAL - PRADO TRENS<\/title>\n<meta name=\"robots\" content=\"index, follow, max-snippet:-1, max-image-preview:large, max-video-preview:-1\" \/>\n<link rel=\"canonical\" href=\"https:\/\/loja.pradotrens.com.br\/index.php\/produto\/folha-decal-vagao-hopper-hfs-padrao-de-pintura-rumo-coinbra-prado-trens-dp733-escala-ho\/\" \/>\n<meta property=\"og:locale\" content=\"pt_BR\" \/>\n<meta property=\"og:type\" content=\"article\" \/>\n<meta property=\"og:title\" content=\"FOLHA DECAL VAGAO HOPPER HFS PADR\u00c3O DE PINTURA RUMO COINBRA - PRADO TRENS DP733 - ESCALA HO - SITE E LOJA VIRTUAL - PRADO TRENS\" \/>\n<meta property=\"og:description\" content=\"FOLHA DECAL VAGAO HOPPER HFS PADR\u00c3O DE PINTURA RUMO COINBRA &#8211; PRADO TRENS DP733 &#8211; ESCALA HO &nbsp; ESCALA HO\" \/>\n<meta property=\"og:url\" content=\"https:\/\/loja.pradotrens.com.br\/index.php\/produto\/folha-decal-vagao-hopper-hfs-padrao-de-pintura-rumo-coinbra-prado-trens-dp733-escala-ho\/\" \/>\n<meta property=\"og:site_name\" content=\"SITE E LOJA VIRTUAL - PRADO TRENS\" \/>\n<meta property=\"article:modified_time\" content=\"2026-02-24T11:14:41+00:00\" \/>\n<meta property=\"og:image\" content=\"https:\/\/loja.pradotrens.com.br\/wp-content\/uploads\/2024\/05\/DP733_VAGAO.jpg\" \/>\n\t<meta property=\"og:image:width\" content=\"1080\" \/>\n\t<meta property=\"og:image:height\" content=\"810\" \/>\n\t<meta property=\"og:image:type\" content=\"image\/jpeg\" \/>\n<meta name=\"twitter:card\" content=\"summary_large_image\" \/>\n<meta name=\"twitter:label1\" content=\"Est. tempo de leitura\" \/>\n\t<meta name=\"twitter:data1\" content=\"1 minuto\" \/>\n<script type=\"application\/ld+json\" class=\"yoast-schema-graph\">{\"@context\":\"https:\\\/\\\/schema.org\",\"@graph\":[{\"@type\":\"WebPage\",\"@id\":\"https:\\\/\\\/loja.pradotrens.com.br\\\/index.php\\\/produto\\\/folha-decal-vagao-hopper-hfs-padrao-de-pintura-rumo-coinbra-prado-trens-dp733-escala-ho\\\/\",\"url\":\"https:\\\/\\\/loja.pradotrens.com.br\\\/index.php\\\/produto\\\/folha-decal-vagao-hopper-hfs-padrao-de-pintura-rumo-coinbra-prado-trens-dp733-escala-ho\\\/\",\"name\":\"FOLHA DECAL VAGAO HOPPER HFS PADR\u00c3O DE PINTURA RUMO COINBRA - PRADO TRENS DP733 - ESCALA HO - SITE E LOJA VIRTUAL - PRADO TRENS\",\"isPartOf\":{\"@id\":\"https:\\\/\\\/loja.pradotrens.com.br\\\/#website\"},\"primaryImageOfPage\":{\"@id\":\"https:\\\/\\\/loja.pradotrens.com.br\\\/index.php\\\/produto\\\/folha-decal-vagao-hopper-hfs-padrao-de-pintura-rumo-coinbra-prado-trens-dp733-escala-ho\\\/#primaryimage\"},\"image\":{\"@id\":\"https:\\\/\\\/loja.pradotrens.com.br\\\/index.php\\\/produto\\\/folha-decal-vagao-hopper-hfs-padrao-de-pintura-rumo-coinbra-prado-trens-dp733-escala-ho\\\/#primaryimage\"},\"thumbnailUrl\":\"https:\\\/\\\/i0.wp.com\\\/loja.pradotrens.com.br\\\/wp-content\\\/uploads\\\/2024\\\/05\\\/DP733_VAGAO.jpg?fit=1080%2C810&ssl=1\",\"datePublished\":\"2024-05-14T11:25:15+00:00\",\"dateModified\":\"2026-02-24T11:14:41+00:00\",\"breadcrumb\":{\"@id\":\"https:\\\/\\\/loja.pradotrens.com.br\\\/index.php\\\/produto\\\/folha-decal-vagao-hopper-hfs-padrao-de-pintura-rumo-coinbra-prado-trens-dp733-escala-ho\\\/#breadcrumb\"},\"inLanguage\":\"pt-BR\",\"potentialAction\":[{\"@type\":\"ReadAction\",\"target\":[\"https:\\\/\\\/loja.pradotrens.com.br\\\/index.php\\\/produto\\\/folha-decal-vagao-hopper-hfs-padrao-de-pintura-rumo-coinbra-prado-trens-dp733-escala-ho\\\/\"]}]},{\"@type\":\"ImageObject\",\"inLanguage\":\"pt-BR\",\"@id\":\"https:\\\/\\\/loja.pradotrens.com.br\\\/index.php\\\/produto\\\/folha-decal-vagao-hopper-hfs-padrao-de-pintura-rumo-coinbra-prado-trens-dp733-escala-ho\\\/#primaryimage\",\"url\":\"https:\\\/\\\/i0.wp.com\\\/loja.pradotrens.com.br\\\/wp-content\\\/uploads\\\/2024\\\/05\\\/DP733_VAGAO.jpg?fit=1080%2C810&ssl=1\",\"contentUrl\":\"https:\\\/\\\/i0.wp.com\\\/loja.pradotrens.com.br\\\/wp-content\\\/uploads\\\/2024\\\/05\\\/DP733_VAGAO.jpg?fit=1080%2C810&ssl=1\",\"width\":1080,\"height\":810},{\"@type\":\"BreadcrumbList\",\"@id\":\"https:\\\/\\\/loja.pradotrens.com.br\\\/index.php\\\/produto\\\/folha-decal-vagao-hopper-hfs-padrao-de-pintura-rumo-coinbra-prado-trens-dp733-escala-ho\\\/#breadcrumb\",\"itemListElement\":[{\"@type\":\"ListItem\",\"position\":1,\"name\":\"In\u00edcio\",\"item\":\"https:\\\/\\\/loja.pradotrens.com.br\\\/\"},{\"@type\":\"ListItem\",\"position\":2,\"name\":\"Loja\",\"item\":\"https:\\\/\\\/loja.pradotrens.com.br\\\/index.php\\\/loja\\\/\"},{\"@type\":\"ListItem\",\"position\":3,\"name\":\"FOLHA DECAL VAGAO HOPPER HFS PADR\u00c3O DE PINTURA RUMO COINBRA &#8211; PRADO TRENS DP733 &#8211; ESCALA HO\"}]},{\"@type\":\"WebSite\",\"@id\":\"https:\\\/\\\/loja.pradotrens.com.br\\\/#website\",\"url\":\"https:\\\/\\\/loja.pradotrens.com.br\\\/\",\"name\":\"SITE E LOJA VIRTUAL - PRADO TRENS\",\"description\":\"SITE E LOJA VIRTUAL - PRADO TRENS\",\"potentialAction\":[{\"@type\":\"SearchAction\",\"target\":{\"@type\":\"EntryPoint\",\"urlTemplate\":\"https:\\\/\\\/loja.pradotrens.com.br\\\/?s={search_term_string}\"},\"query-input\":{\"@type\":\"PropertyValueSpecification\",\"valueRequired\":true,\"valueName\":\"search_term_string\"}}],\"inLanguage\":\"pt-BR\"}]}<\/script>\n<!-- \/ Yoast SEO plugin. -->","yoast_head_json":{"title":"FOLHA DECAL VAGAO HOPPER HFS PADR\u00c3O DE PINTURA RUMO COINBRA - PRADO TRENS DP733 - ESCALA HO - SITE E LOJA VIRTUAL - PRADO TRENS","robots":{"index":"index","follow":"follow","max-snippet":"max-snippet:-1","max-image-preview":"max-image-preview:large","max-video-preview":"max-video-preview:-1"},"canonical":"https:\/\/loja.pradotrens.com.br\/index.php\/produto\/folha-decal-vagao-hopper-hfs-padrao-de-pintura-rumo-coinbra-prado-trens-dp733-escala-ho\/","og_locale":"pt_BR","og_type":"article","og_title":"FOLHA DECAL VAGAO HOPPER HFS PADR\u00c3O DE PINTURA RUMO COINBRA - PRADO TRENS DP733 - ESCALA HO - SITE E LOJA VIRTUAL - PRADO TRENS","og_description":"FOLHA DECAL VAGAO HOPPER HFS PADR\u00c3O DE PINTURA RUMO COINBRA &#8211; PRADO TRENS DP733 &#8211; ESCALA HO &nbsp; ESCALA HO","og_url":"https:\/\/loja.pradotrens.com.br\/index.php\/produto\/folha-decal-vagao-hopper-hfs-padrao-de-pintura-rumo-coinbra-prado-trens-dp733-escala-ho\/","og_site_name":"SITE E LOJA VIRTUAL - PRADO TRENS","article_modified_time":"2026-02-24T11:14:41+00:00","og_image":[{"width":1080,"height":810,"url":"https:\/\/loja.pradotrens.com.br\/wp-content\/uploads\/2024\/05\/DP733_VAGAO.jpg","type":"image\/jpeg"}],"twitter_card":"summary_large_image","twitter_misc":{"Est. tempo de leitura":"1 minuto"},"schema":{"@context":"https:\/\/schema.org","@graph":[{"@type":"WebPage","@id":"https:\/\/loja.pradotrens.com.br\/index.php\/produto\/folha-decal-vagao-hopper-hfs-padrao-de-pintura-rumo-coinbra-prado-trens-dp733-escala-ho\/","url":"https:\/\/loja.pradotrens.com.br\/index.php\/produto\/folha-decal-vagao-hopper-hfs-padrao-de-pintura-rumo-coinbra-prado-trens-dp733-escala-ho\/","name":"FOLHA DECAL VAGAO HOPPER HFS PADR\u00c3O DE PINTURA RUMO COINBRA - PRADO TRENS DP733 - ESCALA HO - SITE E LOJA VIRTUAL - PRADO TRENS","isPartOf":{"@id":"https:\/\/loja.pradotrens.com.br\/#website"},"primaryImageOfPage":{"@id":"https:\/\/loja.pradotrens.com.br\/index.php\/produto\/folha-decal-vagao-hopper-hfs-padrao-de-pintura-rumo-coinbra-prado-trens-dp733-escala-ho\/#primaryimage"},"image":{"@id":"https:\/\/loja.pradotrens.com.br\/index.php\/produto\/folha-decal-vagao-hopper-hfs-padrao-de-pintura-rumo-coinbra-prado-trens-dp733-escala-ho\/#primaryimage"},"thumbnailUrl":"https:\/\/i0.wp.com\/loja.pradotrens.com.br\/wp-content\/uploads\/2024\/05\/DP733_VAGAO.jpg?fit=1080%2C810&ssl=1","datePublished":"2024-05-14T11:25:15+00:00","dateModified":"2026-02-24T11:14:41+00:00","breadcrumb":{"@id":"https:\/\/loja.pradotrens.com.br\/index.php\/produto\/folha-decal-vagao-hopper-hfs-padrao-de-pintura-rumo-coinbra-prado-trens-dp733-escala-ho\/#breadcrumb"},"inLanguage":"pt-BR","potentialAction":[{"@type":"ReadAction","target":["https:\/\/loja.pradotrens.com.br\/index.php\/produto\/folha-decal-vagao-hopper-hfs-padrao-de-pintura-rumo-coinbra-prado-trens-dp733-escala-ho\/"]}]},{"@type":"ImageObject","inLanguage":"pt-BR","@id":"https:\/\/loja.pradotrens.com.br\/index.php\/produto\/folha-decal-vagao-hopper-hfs-padrao-de-pintura-rumo-coinbra-prado-trens-dp733-escala-ho\/#primaryimage","url":"https:\/\/i0.wp.com\/loja.pradotrens.com.br\/wp-content\/uploads\/2024\/05\/DP733_VAGAO.jpg?fit=1080%2C810&ssl=1","contentUrl":"https:\/\/i0.wp.com\/loja.pradotrens.com.br\/wp-content\/uploads\/2024\/05\/DP733_VAGAO.jpg?fit=1080%2C810&ssl=1","width":1080,"height":810},{"@type":"BreadcrumbList","@id":"https:\/\/loja.pradotrens.com.br\/index.php\/produto\/folha-decal-vagao-hopper-hfs-padrao-de-pintura-rumo-coinbra-prado-trens-dp733-escala-ho\/#breadcrumb","itemListElement":[{"@type":"ListItem","position":1,"name":"In\u00edcio","item":"https:\/\/loja.pradotrens.com.br\/"},{"@type":"ListItem","position":2,"name":"Loja","item":"https:\/\/loja.pradotrens.com.br\/index.php\/loja\/"},{"@type":"ListItem","position":3,"name":"FOLHA DECAL VAGAO HOPPER HFS PADR\u00c3O DE PINTURA RUMO COINBRA &#8211; PRADO TRENS DP733 &#8211; ESCALA HO"}]},{"@type":"WebSite","@id":"https:\/\/loja.pradotrens.com.br\/#website","url":"https:\/\/loja.pradotrens.com.br\/","name":"SITE E LOJA VIRTUAL - PRADO TRENS","description":"SITE E LOJA VIRTUAL - PRADO TRENS","potentialAction":[{"@type":"SearchAction","target":{"@type":"EntryPoint","urlTemplate":"https:\/\/loja.pradotrens.com.br\/?s={search_term_string}"},"query-input":{"@type":"PropertyValueSpecification","valueRequired":true,"valueName":"search_term_string"}}],"inLanguage":"pt-BR"}]}},"jetpack_publicize_connections":[],"jetpack_sharing_enabled":true,"_links":{"self":[{"href":"https:\/\/loja.pradotrens.com.br\/index.php\/wp-json\/wp\/v2\/product\/2447","targetHints":{"allow":["GET"]}}],"collection":[{"href":"https:\/\/loja.pradotrens.com.br\/index.php\/wp-json\/wp\/v2\/product"}],"about":[{"href":"https:\/\/loja.pradotrens.com.br\/index.php\/wp-json\/wp\/v2\/types\/product"}],"replies":[{"embeddable":true,"href":"https:\/\/loja.pradotrens.com.br\/index.php\/wp-json\/wp\/v2\/comments?post=2447"}],"wp:featuredmedia":[{"embeddable":true,"href":"https:\/\/loja.pradotrens.com.br\/index.php\/wp-json\/wp\/v2\/media\/2448"}],"wp:attachment":[{"href":"https:\/\/loja.pradotrens.com.br\/index.php\/wp-json\/wp\/v2\/media?parent=2447"}],"wp:term":[{"taxonomy":"product_brand","embeddable":true,"href":"https:\/\/loja.pradotrens.com.br\/index.php\/wp-json\/wp\/v2\/product_brand?post=2447"},{"taxonomy":"product_cat","embeddable":true,"href":"https:\/\/loja.pradotrens.com.br\/index.php\/wp-json\/wp\/v2\/product_cat?post=2447"},{"taxonomy":"product_tag","embeddable":true,"href":"https:\/\/loja.pradotrens.com.br\/index.php\/wp-json\/wp\/v2\/product_tag?post=2447"}],"curies":[{"name":"wp","href":"https:\/\/api.w.org\/{rel}","templated":true}]}}