{"id":60,"date":"2024-04-10T19:30:35","date_gmt":"2024-04-10T19:30:35","guid":{"rendered":"https:\/\/loja.pradotrens.com.br\/?page_id=60"},"modified":"2024-04-10T19:30:36","modified_gmt":"2024-04-10T19:30:36","slug":"historia","status":"publish","type":"page","link":"https:\/\/loja.pradotrens.com.br\/index.php\/historia\/","title":{"rendered":"Hist\u00f3ria"},"content":{"rendered":"\n<p>O Site e Loja Virtual Prado Trens iniciou as suas atividades no In\u00edcio de 2011, atuando com linha de produtos voltados a acabamentos e detalhamentos para ferromodelismo.<\/p>\n\n\n\n<p>Mas em Maio de 2019, a Prado trens mudou seu segmento para a produ\u00e7\u00e3o de Decais para ferromodelismo, se especializando nesta demanda e tamb\u00e9m na produ\u00e7\u00e3o e venda de Backdrops para maquetes.<\/p>\n\n\n\n<p>Com o Projeto de Decais a Todo Vapor, a Prado Trens se tornou o maior produtor de decais a n\u00edvel Nacional, com a MELHOR e mais FINA pel\u00edcula mais fina do Mercado.<\/p>\n\n\n\n<p>Gerando assim excelentes resultados e abordando os mais variados gostos para os clientes que modelam, pintam e cutomizam, seja por Hobby ou simplsmente para demanda pr\u00f3pria.<\/p>\n\n\n\n<p>Nos mantemos a disposi\u00e7\u00e3o e agradecemos a Confian\u00e7a de todos os clientes, colegas e Fornecedores.<\/p>\n\n\n\n<p>Att.<\/p>\n\n\n\n<p>Equipe Prado Trens<\/p>\n","protected":false},"excerpt":{"rendered":"<p>O Site e Loja Virtual Prado Trens iniciou as suas atividades no In\u00edcio de 2011, atuando com linha de produtos<\/p>\n","protected":false},"author":1,"featured_media":0,"parent":0,"menu_order":0,"comment_status":"closed","ping_status":"closed","template":"","meta":{"colormag_page_container_layout":"default_layout","colormag_page_sidebar_layout":"default_layout","_joinchat":[],"footnotes":""},"class_list":["post-60","page","type-page","status-publish","hentry"],"yoast_head":"<!-- This site is optimized with the Yoast SEO plugin v27.6 - https:\/\/yoast.com\/product\/yoast-seo-wordpress\/ -->\n<title>Hist\u00f3ria - SITE E LOJA VIRTUAL - PRADO TRENS<\/title>\n<meta name=\"robots\" content=\"index, follow, max-snippet:-1, max-image-preview:large, max-video-preview:-1\" \/>\n<link rel=\"canonical\" href=\"https:\/\/loja.pradotrens.com.br\/index.php\/historia\/\" \/>\n<meta property=\"og:locale\" content=\"pt_BR\" \/>\n<meta property=\"og:type\" content=\"article\" \/>\n<meta property=\"og:title\" content=\"Hist\u00f3ria - SITE E LOJA VIRTUAL - PRADO TRENS\" \/>\n<meta property=\"og:description\" content=\"O Site e Loja Virtual Prado Trens iniciou as suas atividades no In\u00edcio de 2011, atuando com linha de produtos\" \/>\n<meta property=\"og:url\" content=\"https:\/\/loja.pradotrens.com.br\/index.php\/historia\/\" \/>\n<meta property=\"og:site_name\" content=\"SITE E LOJA VIRTUAL - PRADO TRENS\" \/>\n<meta property=\"article:modified_time\" content=\"2024-04-10T19:30:36+00:00\" \/>\n<meta name=\"twitter:card\" content=\"summary_large_image\" \/>\n<meta name=\"twitter:label1\" content=\"Est. tempo de leitura\" \/>\n\t<meta name=\"twitter:data1\" content=\"1 minuto\" \/>\n<script type=\"application\/ld+json\" class=\"yoast-schema-graph\">{\"@context\":\"https:\\\/\\\/schema.org\",\"@graph\":[{\"@type\":\"WebPage\",\"@id\":\"https:\\\/\\\/loja.pradotrens.com.br\\\/index.php\\\/historia\\\/\",\"url\":\"https:\\\/\\\/loja.pradotrens.com.br\\\/index.php\\\/historia\\\/\",\"name\":\"Hist\u00f3ria - SITE E LOJA VIRTUAL - PRADO TRENS\",\"isPartOf\":{\"@id\":\"https:\\\/\\\/loja.pradotrens.com.br\\\/#website\"},\"datePublished\":\"2024-04-10T19:30:35+00:00\",\"dateModified\":\"2024-04-10T19:30:36+00:00\",\"breadcrumb\":{\"@id\":\"https:\\\/\\\/loja.pradotrens.com.br\\\/index.php\\\/historia\\\/#breadcrumb\"},\"inLanguage\":\"pt-BR\",\"potentialAction\":[{\"@type\":\"ReadAction\",\"target\":[\"https:\\\/\\\/loja.pradotrens.com.br\\\/index.php\\\/historia\\\/\"]}]},{\"@type\":\"BreadcrumbList\",\"@id\":\"https:\\\/\\\/loja.pradotrens.com.br\\\/index.php\\\/historia\\\/#breadcrumb\",\"itemListElement\":[{\"@type\":\"ListItem\",\"position\":1,\"name\":\"In\u00edcio\",\"item\":\"https:\\\/\\\/loja.pradotrens.com.br\\\/\"},{\"@type\":\"ListItem\",\"position\":2,\"name\":\"Hist\u00f3ria\"}]},{\"@type\":\"WebSite\",\"@id\":\"https:\\\/\\\/loja.pradotrens.com.br\\\/#website\",\"url\":\"https:\\\/\\\/loja.pradotrens.com.br\\\/\",\"name\":\"SITE E LOJA VIRTUAL - PRADO TRENS\",\"description\":\"SITE E LOJA VIRTUAL - PRADO TRENS\",\"potentialAction\":[{\"@type\":\"SearchAction\",\"target\":{\"@type\":\"EntryPoint\",\"urlTemplate\":\"https:\\\/\\\/loja.pradotrens.com.br\\\/?s={search_term_string}\"},\"query-input\":{\"@type\":\"PropertyValueSpecification\",\"valueRequired\":true,\"valueName\":\"search_term_string\"}}],\"inLanguage\":\"pt-BR\"}]}<\/script>\n<!-- \/ Yoast SEO plugin. -->","yoast_head_json":{"title":"Hist\u00f3ria - SITE E LOJA VIRTUAL - PRADO TRENS","robots":{"index":"index","follow":"follow","max-snippet":"max-snippet:-1","max-image-preview":"max-image-preview:large","max-video-preview":"max-video-preview:-1"},"canonical":"https:\/\/loja.pradotrens.com.br\/index.php\/historia\/","og_locale":"pt_BR","og_type":"article","og_title":"Hist\u00f3ria - SITE E LOJA VIRTUAL - PRADO TRENS","og_description":"O Site e Loja Virtual Prado Trens iniciou as suas atividades no In\u00edcio de 2011, atuando com linha de produtos","og_url":"https:\/\/loja.pradotrens.com.br\/index.php\/historia\/","og_site_name":"SITE E LOJA VIRTUAL - PRADO TRENS","article_modified_time":"2024-04-10T19:30:36+00:00","twitter_card":"summary_large_image","twitter_misc":{"Est. tempo de leitura":"1 minuto"},"schema":{"@context":"https:\/\/schema.org","@graph":[{"@type":"WebPage","@id":"https:\/\/loja.pradotrens.com.br\/index.php\/historia\/","url":"https:\/\/loja.pradotrens.com.br\/index.php\/historia\/","name":"Hist\u00f3ria - SITE E LOJA VIRTUAL - PRADO TRENS","isPartOf":{"@id":"https:\/\/loja.pradotrens.com.br\/#website"},"datePublished":"2024-04-10T19:30:35+00:00","dateModified":"2024-04-10T19:30:36+00:00","breadcrumb":{"@id":"https:\/\/loja.pradotrens.com.br\/index.php\/historia\/#breadcrumb"},"inLanguage":"pt-BR","potentialAction":[{"@type":"ReadAction","target":["https:\/\/loja.pradotrens.com.br\/index.php\/historia\/"]}]},{"@type":"BreadcrumbList","@id":"https:\/\/loja.pradotrens.com.br\/index.php\/historia\/#breadcrumb","itemListElement":[{"@type":"ListItem","position":1,"name":"In\u00edcio","item":"https:\/\/loja.pradotrens.com.br\/"},{"@type":"ListItem","position":2,"name":"Hist\u00f3ria"}]},{"@type":"WebSite","@id":"https:\/\/loja.pradotrens.com.br\/#website","url":"https:\/\/loja.pradotrens.com.br\/","name":"SITE E LOJA VIRTUAL - PRADO TRENS","description":"SITE E LOJA VIRTUAL - PRADO TRENS","potentialAction":[{"@type":"SearchAction","target":{"@type":"EntryPoint","urlTemplate":"https:\/\/loja.pradotrens.com.br\/?s={search_term_string}"},"query-input":{"@type":"PropertyValueSpecification","valueRequired":true,"valueName":"search_term_string"}}],"inLanguage":"pt-BR"}]}},"jetpack_sharing_enabled":true,"_links":{"self":[{"href":"https:\/\/loja.pradotrens.com.br\/index.php\/wp-json\/wp\/v2\/pages\/60","targetHints":{"allow":["GET"]}}],"collection":[{"href":"https:\/\/loja.pradotrens.com.br\/index.php\/wp-json\/wp\/v2\/pages"}],"about":[{"href":"https:\/\/loja.pradotrens.com.br\/index.php\/wp-json\/wp\/v2\/types\/page"}],"author":[{"embeddable":true,"href":"https:\/\/loja.pradotrens.com.br\/index.php\/wp-json\/wp\/v2\/users\/1"}],"replies":[{"embeddable":true,"href":"https:\/\/loja.pradotrens.com.br\/index.php\/wp-json\/wp\/v2\/comments?post=60"}],"version-history":[{"count":1,"href":"https:\/\/loja.pradotrens.com.br\/index.php\/wp-json\/wp\/v2\/pages\/60\/revisions"}],"predecessor-version":[{"id":61,"href":"https:\/\/loja.pradotrens.com.br\/index.php\/wp-json\/wp\/v2\/pages\/60\/revisions\/61"}],"wp:attachment":[{"href":"https:\/\/loja.pradotrens.com.br\/index.php\/wp-json\/wp\/v2\/media?parent=60"}],"curies":[{"name":"wp","href":"https:\/\/api.w.org\/{rel}","templated":true}]}}